{"id":3,"date":"2021-05-31T22:10:55","date_gmt":"2021-05-31T22:10:55","guid":{"rendered":"https:\/\/hypermedcancun.com\/?page_id=3"},"modified":"2021-06-21T10:47:49","modified_gmt":"2021-06-21T15:47:49","slug":"privacy-policy","status":"publish","type":"page","link":"https:\/\/hypermedcancun.com\/index.php\/privacy-policy\/","title":{"rendered":"Pol\u00edtica de Privacidad"},"content":{"rendered":"\n<p>Hemos implementamos una variedad de medidas de seguridad para mantener la seguridad de tu informaci\u00f3n personal. Te informamos que no usamos cookies, ni revelamos tu informaci\u00f3n a terceros, esto no incluye los terceros (profesionales) de confianza que nos asisten durante todo nuestro proceso de servicio, siempre que dichas partes se comprometen a mantener esta informaci\u00f3n confidencial.\u00a0Tambi\u00e9n podemos revelar tu informaci\u00f3n cuando creemos que es apropiado para cumplir con la ley, hacer cumplir las pol\u00edticas de nuestro sitio, o para proteger la nuestra o de otros derechos, propiedad o seguridad.<\/p>\n\n\n\n<p><strong><em>Nunca venderemos tu direcci\u00f3n de correo electr\u00f3nico a nadie..<\/em><\/strong><\/p>\n\n\n\n<p>Recopilamos tu informaci\u00f3n cuando rellenas alguno de nuestros formularios solicitando informaci\u00f3n o te suscribes a nuestro bolet\u00edn electr\u00f3nico, en los cuales te podemos pedir que introduzcas tu nombre, direcci\u00f3n de correo electr\u00f3nico o n\u00famero de tel\u00e9fono.&nbsp;Es posible, sin embargo, visitar nuestro sitio de forma an\u00f3nima.<\/p>\n\n\n\n<p>La informaci\u00f3n que nos proporcionas se utiliza para cumplir los siguientes objetivos:<\/p>\n\n\n\n<ul class=\"wp-block-list\"><li>Personalizar tu experiencia<br>(tu informaci\u00f3n nos ayuda a responder mejor a tus necesidades individuales)<\/li><li>Mejorar nuestro sitio web<br>(nos esforzamos continuamente para mejorar nuestras ofertas de sitio web basado en la informaci\u00f3n y la retroalimentaci\u00f3n que nos proporcionas)<\/li><li>Mejorar el servicio al cliente<br>(tu informaci\u00f3n nos permite responder m\u00e1s eficazmente a tus inquietudes y necesidades de apoyo)<\/li><li>Administrar un concurso, promoci\u00f3n, encuestas u otro sitio.<\/li><li>Enviar correos electr\u00f3nicos peri\u00f3dicos.<\/li><\/ul>\n\n\n\n<p>La direcci\u00f3n de correo electr\u00f3nico que nos proporcionas, se puede utilizar para enviar informaci\u00f3n de tu inter\u00e9s en el \u00e1rea de la salud, as\u00ed como noticias de la compa\u00f1\u00eda, actualizaciones, ocasionalmente informaci\u00f3n o promociones de productos o servicios relacionados etc.<\/p>\n\n\n\n<p>De vez en cuando, a nuestra consideraci\u00f3n, podemos incluir u ofrecer productos o servicios de terceros en nuestro sitio web.&nbsp;Estos sitios de terceros tienen pol\u00edticas de privacidad separadas e independientes,&nbsp;por lo tanto, no tenemos ninguna responsabilidad por los contenidos y actividades de estos sitios enlazados.&nbsp;Sin embargo, buscamos proteger la integridad de nuestro sitio y agradecemos cualquier comentario sobre estos sitios.<\/p>\n\n\n\n<p>Esta pol\u00edtica de privacidad en l\u00ednea se aplica \u00fanicamente a la informaci\u00f3n recogida a trav\u00e9s de nuestra p\u00e1gina web o sitios sociales y no a la informaci\u00f3n recogida fuera de l\u00ednea, para \u00e9sta leer el Aviso de Privacidad Integral.<\/p>\n\n\n\n<p>Al utilizar nuestro sitio, aceptas nuestra pol\u00edtica de privacidad en l\u00ednea. Si decidimos cambiar nuestra pol\u00edtica de privacidad, pondremos esos cambios en esta p\u00e1gina.<\/p>\n\n\n\n<p>Si hay alguna pregunta sobre esta pol\u00edtica de privacidad, puedes ponerte en contacto con nosotros en cualquier momento.<\/p>\n","protected":false},"excerpt":{"rendered":"<p>Hemos implementamos una variedad de medidas de seguridad para mantener la seguridad de tu informaci\u00f3n personal. Te informamos que no usamos cookies, ni revelamos tu informaci\u00f3n a terceros, esto no &hellip;<\/p>\n","protected":false},"author":4,"featured_media":0,"parent":0,"menu_order":0,"comment_status":"closed","ping_status":"closed","template":"","meta":{"_monsterinsights_skip_tracking":false,"_monsterinsights_sitenote_active":false,"_monsterinsights_sitenote_note":"","_monsterinsights_sitenote_category":0,"footnotes":""},"class_list":["post-3","page","type-page","status-publish","hentry"],"aioseo_notices":[],"_links":{"self":[{"href":"https:\/\/hypermedcancun.com\/index.php\/wp-json\/wp\/v2\/pages\/3","targetHints":{"allow":["GET"]}}],"collection":[{"href":"https:\/\/hypermedcancun.com\/index.php\/wp-json\/wp\/v2\/pages"}],"about":[{"href":"https:\/\/hypermedcancun.com\/index.php\/wp-json\/wp\/v2\/types\/page"}],"author":[{"embeddable":true,"href":"https:\/\/hypermedcancun.com\/index.php\/wp-json\/wp\/v2\/users\/4"}],"replies":[{"embeddable":true,"href":"https:\/\/hypermedcancun.com\/index.php\/wp-json\/wp\/v2\/comments?post=3"}],"version-history":[{"count":2,"href":"https:\/\/hypermedcancun.com\/index.php\/wp-json\/wp\/v2\/pages\/3\/revisions"}],"predecessor-version":[{"id":105,"href":"https:\/\/hypermedcancun.com\/index.php\/wp-json\/wp\/v2\/pages\/3\/revisions\/105"}],"wp:attachment":[{"href":"https:\/\/hypermedcancun.com\/index.php\/wp-json\/wp\/v2\/media?parent=3"}],"curies":[{"name":"wp","href":"https:\/\/api.w.org\/{rel}","templated":true}]}}