{"id":24,"date":"2021-06-10T17:57:56","date_gmt":"2021-06-10T22:57:56","guid":{"rendered":"https:\/\/hypermedcancun.com\/?page_id=24"},"modified":"2025-01-21T20:16:26","modified_gmt":"2025-01-22T01:16:26","slug":"contacto","status":"publish","type":"page","link":"https:\/\/hypermedcancun.com\/index.php\/contacto\/","title":{"rendered":"Contacto"},"content":{"rendered":"\n<h4 class=\"wp-block-heading\">Nos ubicamos en:<\/h4>\n\n\n\n<p>Servicios M\u00e9dicos Hiperb\u00e1ricos y Jur\u00eddicos S.C.<br>Av. L\u00f3pez Portillo #846, Mz. 17, Lt. 6, S.M. 59<br>Unidad Morelos. Canc\u00fan, Quintana Roo. C.P. 77515&nbsp;<br><a href=\"tel:9988845045\">tel:9988845045<\/a><\/p>\n\n\n<div  data-number=\"529983997918\" data-pre_filled=\"\" data-style=\"2\" style=\"display: inline; cursor: pointer; z-index: 99999999; \" class=\"ht-ctc-sc ht-ctc-sc-chat sc-style-2 ht-ctc-inline\">\r\n<img decoding=\"async\" class=\"img-icon ctc-analytics ctc_cta\" title=\"Contacto\" style=\"height: 50px;\" src=\"https:\/\/hypermedcancun.com\/wp-content\/plugins\/click-to-chat-for-whatsapp\/.\/new\/inc\/assets\/img\/whatsapp-icon-square.svg\" alt=\"Contacto\">\r\n<\/div>\n\n\n\n<p><\/p>\n","protected":false},"excerpt":{"rendered":"<p>Nos ubicamos en: Servicios M\u00e9dicos Hiperb\u00e1ricos y Jur\u00eddicos S.C.Av. L\u00f3pez Portillo #846, Mz. 17, Lt. 6, S.M. 59Unidad Morelos. Canc\u00fan, Quintana Roo. C.P. 77515&nbsp;tel:9988845045<\/p>\n","protected":false},"author":4,"featured_media":0,"parent":0,"menu_order":0,"comment_status":"closed","ping_status":"closed","template":"","meta":{"_monsterinsights_skip_tracking":false,"_monsterinsights_sitenote_active":false,"_monsterinsights_sitenote_note":"","_monsterinsights_sitenote_category":0,"footnotes":""},"class_list":["post-24","page","type-page","status-publish","hentry"],"aioseo_notices":[],"_links":{"self":[{"href":"https:\/\/hypermedcancun.com\/index.php\/wp-json\/wp\/v2\/pages\/24","targetHints":{"allow":["GET"]}}],"collection":[{"href":"https:\/\/hypermedcancun.com\/index.php\/wp-json\/wp\/v2\/pages"}],"about":[{"href":"https:\/\/hypermedcancun.com\/index.php\/wp-json\/wp\/v2\/types\/page"}],"author":[{"embeddable":true,"href":"https:\/\/hypermedcancun.com\/index.php\/wp-json\/wp\/v2\/users\/4"}],"replies":[{"embeddable":true,"href":"https:\/\/hypermedcancun.com\/index.php\/wp-json\/wp\/v2\/comments?post=24"}],"version-history":[{"count":9,"href":"https:\/\/hypermedcancun.com\/index.php\/wp-json\/wp\/v2\/pages\/24\/revisions"}],"predecessor-version":[{"id":278,"href":"https:\/\/hypermedcancun.com\/index.php\/wp-json\/wp\/v2\/pages\/24\/revisions\/278"}],"wp:attachment":[{"href":"https:\/\/hypermedcancun.com\/index.php\/wp-json\/wp\/v2\/media?parent=24"}],"curies":[{"name":"wp","href":"https:\/\/api.w.org\/{rel}","templated":true}]}}