{"id":22,"date":"2021-06-01T03:42:09","date_gmt":"2021-06-01T03:42:09","guid":{"rendered":"https:\/\/hypermedcancun.com\/?page_id=22"},"modified":"2021-06-27T14:34:56","modified_gmt":"2021-06-27T19:34:56","slug":"quienes-somos","status":"publish","type":"page","link":"https:\/\/hypermedcancun.com\/index.php\/quienes-somos\/","title":{"rendered":"\u00bfQui\u00e9nes somos?"},"content":{"rendered":"\n<div class=\"wp-block-columns is-layout-flex wp-container-core-columns-is-layout-9d6595d7 wp-block-columns-is-layout-flex\">\n<div class=\"wp-block-column is-layout-flow wp-block-column-is-layout-flow\">\n<p>Hypermed Canc\u00fan es un centro atendido por personal altamente calificado en el que tanto enfermeros como el personal m\u00e9dico tienen m\u00e1s de 40 a\u00f1os de experiencia. Nuestros tratamientos se apegan a los protocolos internacionales como son los de la <a href=\"http:\/\/www.uhms.org\/\">UHMS<\/a> (Sociedad de Medicina Hiperb\u00e1rica y Subacu\u00e1tica), <a href=\"http:\/\/epubs.org\" data-type=\"URL\" data-id=\"http:\/\/epubs.org\">EUBS<\/a> (European Underwater and Baromedical Society) y <a href=\"http:\/\/www.diversalertnetwork.org\/\">DAN<\/a> (Divers Alert Network).<\/p>\n<\/div>\n\n\n\n<div class=\"wp-block-column is-layout-flow wp-block-column-is-layout-flow\">\n<figure class=\"wp-block-image size-large\"><img loading=\"lazy\" decoding=\"async\" width=\"1024\" height=\"683\" src=\"https:\/\/hypermedcancun.com\/wp-content\/uploads\/2021\/06\/HyperMed__210603_2217-1024x683.jpg\" alt=\"\" class=\"wp-image-90\" srcset=\"https:\/\/hypermedcancun.com\/wp-content\/uploads\/2021\/06\/HyperMed__210603_2217-1024x683.jpg 1024w, https:\/\/hypermedcancun.com\/wp-content\/uploads\/2021\/06\/HyperMed__210603_2217-300x200.jpg 300w, https:\/\/hypermedcancun.com\/wp-content\/uploads\/2021\/06\/HyperMed__210603_2217-768x512.jpg 768w, https:\/\/hypermedcancun.com\/wp-content\/uploads\/2021\/06\/HyperMed__210603_2217-1536x1024.jpg 1536w, https:\/\/hypermedcancun.com\/wp-content\/uploads\/2021\/06\/HyperMed__210603_2217.jpg 1920w\" sizes=\"auto, (max-width: 1024px) 100vw, 1024px\" \/><\/figure>\n<\/div>\n<\/div>\n","protected":false},"excerpt":{"rendered":"<p>Hypermed Canc\u00fan es un centro atendido por personal altamente calificado en el que tanto enfermeros como el personal m\u00e9dico tienen m\u00e1s de 40 a\u00f1os de experiencia. Nuestros tratamientos se apegan &hellip;<\/p>\n","protected":false},"author":4,"featured_media":0,"parent":0,"menu_order":0,"comment_status":"closed","ping_status":"closed","template":"","meta":{"_monsterinsights_skip_tracking":false,"_monsterinsights_sitenote_active":false,"_monsterinsights_sitenote_note":"","_monsterinsights_sitenote_category":0,"footnotes":""},"class_list":["post-22","page","type-page","status-publish","hentry"],"aioseo_notices":[],"_links":{"self":[{"href":"https:\/\/hypermedcancun.com\/index.php\/wp-json\/wp\/v2\/pages\/22","targetHints":{"allow":["GET"]}}],"collection":[{"href":"https:\/\/hypermedcancun.com\/index.php\/wp-json\/wp\/v2\/pages"}],"about":[{"href":"https:\/\/hypermedcancun.com\/index.php\/wp-json\/wp\/v2\/types\/page"}],"author":[{"embeddable":true,"href":"https:\/\/hypermedcancun.com\/index.php\/wp-json\/wp\/v2\/users\/4"}],"replies":[{"embeddable":true,"href":"https:\/\/hypermedcancun.com\/index.php\/wp-json\/wp\/v2\/comments?post=22"}],"version-history":[{"count":3,"href":"https:\/\/hypermedcancun.com\/index.php\/wp-json\/wp\/v2\/pages\/22\/revisions"}],"predecessor-version":[{"id":124,"href":"https:\/\/hypermedcancun.com\/index.php\/wp-json\/wp\/v2\/pages\/22\/revisions\/124"}],"wp:attachment":[{"href":"https:\/\/hypermedcancun.com\/index.php\/wp-json\/wp\/v2\/media?parent=22"}],"curies":[{"name":"wp","href":"https:\/\/api.w.org\/{rel}","templated":true}]}}