{"id":19,"date":"2021-06-01T03:34:44","date_gmt":"2021-06-01T03:34:44","guid":{"rendered":"https:\/\/hypermedcancun.com\/?page_id=19"},"modified":"2021-07-07T10:17:35","modified_gmt":"2021-07-07T15:17:35","slug":"faq","status":"publish","type":"page","link":"https:\/\/hypermedcancun.com\/index.php\/faq\/","title":{"rendered":"Preguntas Frecuentes"},"content":{"rendered":"\n<h6 class=\"wp-block-heading\"><strong>\u00bfQu\u00e9 se siente durante el tratamiento?<\/strong><\/h6>\n\n\n\n<p>Los tratamientos de oxigenoterapia hiperb\u00e1rica no son invasivos, no causan dolor propiamente y no involucran el uso de medicamentos, utilizando como f\u00e1rmaco principal la administraci\u00f3n y respiraci\u00f3n de ox\u00edgeno hiperb\u00e1rico, \u00e9ste se administra dentro de la c\u00e1mara hiperb\u00e1rica mediante mascarillas a demanda o casco para aquellos pacientes que as\u00ed lo requieran. En tanto cursa su tratamiento dentro de la c\u00e1mara puede disfrutar c\u00f3modamente de canales de televisi\u00f3n o m\u00fasica.<br><br>Durante la compresi\u00f3n, es probable que experimente una sensaci\u00f3n de presi\u00f3n en los oidos, similar a la de un vuelo en avi\u00f3n, resultado secundario a los efectos de la presi\u00f3n ejercida dentro de la c\u00e1mara hiperb\u00e1rica. Se le ense\u00f1ar\u00e1 algunos sencillos m\u00e9todos para tal efecto y evitar malestar al momento. Nuestro personal siempre lo acompa\u00f1ar\u00e1 dentro de la c\u00e1mara para mayor seguridad y lo estar\u00e1 monitoreando en todo momento, tambi\u00e9n podr\u00e1 comunicarse con el exterior en cualquier momento con el m\u00e9dico o alg\u00fan familiar de ser necesario o simplemente para aclarar alguna duda.<br><br>Durante el tratamiento se utiliza ropa especial 100% de algod\u00f3n y no se permite el uso de equipo electr\u00f3nico de cualquier tipo como relojes, tel\u00e9fonos celulares, ipods, etc., dentro de la c\u00e1mara hiperb\u00e1rica.<\/p>\n\n\n\n<h6 class=\"wp-block-heading\"><strong>\u00bfCuantos tratamientos requiero?<\/strong><\/h6>\n\n\n\n<p>Un plan de tratamiento inicial es dise\u00f1ado en base a una evaluaci\u00f3n m\u00e9dica y profesional en nuestro centro y a los protocolos establecidos por expertos en el campo de la Medicina Hiperb\u00e1rica. A lo largo del tratamiento se realizar\u00e1n ajustes de acuerdo a la evoluci\u00f3n del paciente.<br><br>Algunos pacientes tales como los que se recuperan de una cirug\u00eda pl\u00e1stica o tratamientos de traumatismos o medicina del deporte, podr\u00edan requerir un n\u00famero reducido de tratamientos, mientras que aquellos con infecciones severas, como por ejemplo pi\u00e9 diab\u00e9tico, traumatismo craneoencef\u00e1lico o quemaduras, necesitar\u00edan un mayor n\u00famero de tratamientos. En estos casos la raz\u00f3n de esto se le explicar\u00e1 al paciente con detenimiento.<br><br>Otros casos como heridas sin sanar o en condiciones de gangrena, ser\u00e1n evaluados y comenetados con su m\u00e9dico tratante de primer contacto para poder desarrollar un plan de tratamiento espec\u00edfico o especial que requiera el paciente. Con ello desarrollaremoso un plan de tratamiento recomendado y en conjunto, evaluando regularmente al paciente a medida que responde a la oxigenoterapia hiperb\u00e1rica.<br><br>Un tratamiento tiene una duraci\u00f3n tipica de 60 minutos en casos de oxigenaci\u00f3n hiperb\u00e1rica y en los casos de accidentes de buceo, \u00e9sta variar\u00e1 en forma importante, pues depender\u00e1 de la sintomatolog\u00eda y del perfil de buceo que se realiz\u00f3.<\/p>\n\n\n\n<h6 class=\"wp-block-heading\"><strong>\u00bfC\u00f3mo cura la oxigenorterapia hiperb\u00e1rica?<\/strong><\/h6>\n\n\n\n<p>La oxigenaci\u00f3n hiperb\u00e1rica aumenta el grado de ox\u00edgeno presente en tejidos da\u00f1ados o faltos de ox\u00edgeno, esto habilita la producci\u00f3n de col\u00e1geno y estimula la producci\u00f3n de vasos sangu\u00edneos nuevos (angiog\u00e9nesis) dentro y alrededor del \u00e1rea afectada. La presencia de ox\u00edgeno a presiones mayores a la ambiental, mejora la respuesta del sistema inmunol\u00f3gico reduciendo el dolor y el edema gracias a sus propiedades anti-inflamatorias por naturaleza misma. Adicionalmente un ambiente rico en ox\u00edgeno inhibe el crecimiento de algunas bacterias anaerobias que son sumamente peligrosas, potenciando la acci\u00f3n de algunos antibi\u00f3ticos y por ende haci\u00e9ndolos m\u00e1s efectivos.<br><br>La oxigenoterapia hiperb\u00e1rica trabaja directamente:<\/p>\n\n\n\n<ul class=\"wp-block-list\"><li>Eliminando bacterias infecciosas que mueren al ser expuestas en un ambiente rico en ox\u00edgeno.<\/li><li>Acelerando la curaci\u00f3n de partes da\u00f1adas en el cuerpo tales como quemaduras, lesiones deportivas o fracturas.<\/li><li>Reduciendo la dolorosa hinchaz\u00f3n que interfiere con el movimiento y curaci\u00f3n.<\/li><li>Reduciendo el tiempo de curaci\u00f3n post-operatorio en varios tipos de cirug\u00edas.<\/li><li>Reconstruyendo y regenerando los vasos sangu\u00edneos da\u00f1ados por una mala circulaci\u00f3n causada por diabetes, problemas vasculares posteriores a algunos paros cardiacos entre otros.<\/li><li>Estimulando el sistema inmunol\u00f3gico para combatir infecciones de una manera m\u00e1s eficaz.<\/li><li>Reparando el da\u00f1o causado por substancias t\u00f3xicas o por inhalaci\u00f3n de humo, envenenamiento por mon\u00f3xido de carbono.<\/li><li>Aumentando el grado de ox\u00edgeno presente en tejidos y huesos, esto es especialmente importante para pacientes despu\u00e9s de c\u00e1ncer de pr\u00f3stata, garganta, quijada o cuello.<\/li><\/ul>\n\n\n\n<h6 class=\"wp-block-heading\"><strong>\u00bfEs necesaria la valoraci\u00f3n m\u00e9dica?&nbsp;<\/strong><\/h6>\n\n\n\n<p>Si, por seguridad del propio paciente, aunque tengas una receta en donde se te prescriba el uso de la c\u00e1mara. Ser\u00e1 el m\u00e9dico hiperb\u00e1rico el especialista que determinar\u00e1 si no existe alguna contraindicaci\u00f3n y determinar\u00e1 las caracter\u00edsticas de la sesi\u00f3n. Incluso en el caso que ya hayas entrado a otra c\u00e1mara. Es nuestro m\u00e9dico el responsable de verificar que cada paciente que utiliza nuestros&nbsp;servicios&nbsp;se halla en condiciones de usarlos.&nbsp;<\/p>\n\n\n\n<h6 class=\"wp-block-heading\"><strong>Y si no estoy enfermo, \u00bfMe puede servir entrar a la c\u00e1mara hiperb\u00e1rica?&nbsp;<\/strong><\/h6>\n\n\n\n<p>S\u00ed, de&nbsp;hecho&nbsp;es muy recomendable, ya que previene enfermedades degenerativas.&nbsp;TambI\u00e9n&nbsp;se utiliza con fines est\u00e9ticos porque provoca la producci\u00f3n natural de col\u00e1geno, que regula el sistema de envejecimiento. Mejora la memoria, disminuye el estr\u00e9s, migra\u00f1a y cansancio. En el deporte funciona como&nbsp;anti-inflamatorio&nbsp;y analg\u00e9sico, aumenta rendimiento y resistencia. En general, permite tener una mejor calidad de vida, brindando vitalidad y evitando las secuelas de la edad.&nbsp;<\/p>\n\n\n\n<h6 class=\"wp-block-heading\"><strong>\u00bfLa c\u00e1mara es operada por un m\u00e9dico?&nbsp;<\/strong><\/h6>\n\n\n\n<p>El especialista para&nbsp;\u00e9sta&nbsp;funci\u00f3n es un operador hiperb\u00e1rico certificado, pudiendo ser m\u00e9dico o no. Aqu\u00ed, la&nbsp;opera&nbsp;el especialista y el m\u00e9dico tiene la funci\u00f3n de supervisar la aplicaci\u00f3n de las indicaciones m\u00e9dicas. En ocasiones el m\u00e9dico tambi\u00e9n opera el equipo, ya que est\u00e1 certificado para ello.&nbsp;<\/p>\n","protected":false},"excerpt":{"rendered":"<p>\u00bfQu\u00e9 se siente durante el tratamiento? Los tratamientos de oxigenoterapia hiperb\u00e1rica no son invasivos, no causan dolor propiamente y no involucran el uso de medicamentos, utilizando como f\u00e1rmaco principal la &hellip;<\/p>\n","protected":false},"author":4,"featured_media":0,"parent":0,"menu_order":0,"comment_status":"closed","ping_status":"closed","template":"","meta":{"_monsterinsights_skip_tracking":false,"_monsterinsights_sitenote_active":false,"_monsterinsights_sitenote_note":"","_monsterinsights_sitenote_category":0,"footnotes":""},"class_list":["post-19","page","type-page","status-publish","hentry"],"aioseo_notices":[],"_links":{"self":[{"href":"https:\/\/hypermedcancun.com\/index.php\/wp-json\/wp\/v2\/pages\/19","targetHints":{"allow":["GET"]}}],"collection":[{"href":"https:\/\/hypermedcancun.com\/index.php\/wp-json\/wp\/v2\/pages"}],"about":[{"href":"https:\/\/hypermedcancun.com\/index.php\/wp-json\/wp\/v2\/types\/page"}],"author":[{"embeddable":true,"href":"https:\/\/hypermedcancun.com\/index.php\/wp-json\/wp\/v2\/users\/4"}],"replies":[{"embeddable":true,"href":"https:\/\/hypermedcancun.com\/index.php\/wp-json\/wp\/v2\/comments?post=19"}],"version-history":[{"count":6,"href":"https:\/\/hypermedcancun.com\/index.php\/wp-json\/wp\/v2\/pages\/19\/revisions"}],"predecessor-version":[{"id":199,"href":"https:\/\/hypermedcancun.com\/index.php\/wp-json\/wp\/v2\/pages\/19\/revisions\/199"}],"wp:attachment":[{"href":"https:\/\/hypermedcancun.com\/index.php\/wp-json\/wp\/v2\/media?parent=19"}],"curies":[{"name":"wp","href":"https:\/\/api.w.org\/{rel}","templated":true}]}}