{"id":17,"date":"2021-06-01T03:23:33","date_gmt":"2021-06-01T03:23:33","guid":{"rendered":"https:\/\/hypermedcancun.com\/?page_id=17"},"modified":"2021-06-28T20:39:08","modified_gmt":"2021-06-29T01:39:08","slug":"padecimientos","status":"publish","type":"page","link":"https:\/\/hypermedcancun.com\/index.php\/padecimientos\/","title":{"rendered":"Padecimientos"},"content":{"rendered":"\n<figure class=\"wp-block-image size-large\"><img loading=\"lazy\" decoding=\"async\" width=\"1024\" height=\"576\" src=\"https:\/\/hypermedcancun.com\/wp-content\/uploads\/2021\/06\/HyperMed__210603_2263-2-1024x576.jpg\" alt=\"\" class=\"wp-image-138\" srcset=\"https:\/\/hypermedcancun.com\/wp-content\/uploads\/2021\/06\/HyperMed__210603_2263-2-1024x576.jpg 1024w, https:\/\/hypermedcancun.com\/wp-content\/uploads\/2021\/06\/HyperMed__210603_2263-2-300x169.jpg 300w, https:\/\/hypermedcancun.com\/wp-content\/uploads\/2021\/06\/HyperMed__210603_2263-2-768x432.jpg 768w, https:\/\/hypermedcancun.com\/wp-content\/uploads\/2021\/06\/HyperMed__210603_2263-2-1536x864.jpg 1536w, https:\/\/hypermedcancun.com\/wp-content\/uploads\/2021\/06\/HyperMed__210603_2263-2-356x200.jpg 356w, https:\/\/hypermedcancun.com\/wp-content\/uploads\/2021\/06\/HyperMed__210603_2263-2.jpg 2048w\" sizes=\"auto, (max-width: 1024px) 100vw, 1024px\" \/><figcaption>Compartimento principal de nuestra c\u00e1mara hiperb\u00e1rica con capacidad hasta para 4 personas.<\/figcaption><\/figure>\n\n\n\n<p>Estas son algunas de las indicaciones m\u00e9dicas aceptadas universalmente para el tratamiento con oxigenoterapia hiperb\u00e1rica:<\/p>\n\n\n\n<ul class=\"wp-block-list\"><li>Quemaduras.<\/li><li>Pie diab\u00e9tico.<\/li><li>Embolia a\u00e9rea o gaseosa.<\/li><li>Abscesos intracraneales.<\/li><li>Osteomielitis refractaria.<\/li><li>Enfermedad por descompresi\u00f3n.<\/li><li>Injertos de piel y colgajos comprometidos.<\/li><li>Infecciones necrotizantes de tejidos blandos.<\/li><li>Anemia aguda (p\u00e9rdida excepcional de sangre).<\/li><li>Estimulaci\u00f3n de la cicatrizaci\u00f3n en heridas problema.<\/li><li>Miositis y mionecrosis por clostridios (Gangrena Gaseosa).<\/li><li>Envenenamiento por mon\u00f3xido de carbono e Inhalaci\u00f3n de Humo.<\/li><li>S\u00edndrome por aplastamiento, s\u00edndrome compartimental y otras isquemias traum\u00e1ticas agudas.<\/li><li>Lesiones posteriores a radiaci\u00f3n (osteoradionecrosis y radionecrosis en tejidos blandos).<\/li><li>Intoxicaci\u00f3n por mon\u00f3xido de carbono complicado con cianuros.&nbsp;<\/li><li>Enfermedad por descompresi\u00f3n.&nbsp;<\/li><li>Hipoacusia S\u00fabita.&nbsp;<\/li><\/ul>\n\n\n\n<figure class=\"wp-block-image size-large\"><img loading=\"lazy\" decoding=\"async\" width=\"1024\" height=\"576\" src=\"https:\/\/hypermedcancun.com\/wp-content\/uploads\/2021\/06\/HyperMed__210603_2266-1-1024x576.jpg\" alt=\"\" class=\"wp-image-139\" srcset=\"https:\/\/hypermedcancun.com\/wp-content\/uploads\/2021\/06\/HyperMed__210603_2266-1-1024x576.jpg 1024w, https:\/\/hypermedcancun.com\/wp-content\/uploads\/2021\/06\/HyperMed__210603_2266-1-300x169.jpg 300w, https:\/\/hypermedcancun.com\/wp-content\/uploads\/2021\/06\/HyperMed__210603_2266-1-768x432.jpg 768w, https:\/\/hypermedcancun.com\/wp-content\/uploads\/2021\/06\/HyperMed__210603_2266-1-1536x864.jpg 1536w, https:\/\/hypermedcancun.com\/wp-content\/uploads\/2021\/06\/HyperMed__210603_2266-1-356x200.jpg 356w, https:\/\/hypermedcancun.com\/wp-content\/uploads\/2021\/06\/HyperMed__210603_2266-1.jpg 2048w\" sizes=\"auto, (max-width: 1024px) 100vw, 1024px\" \/><figcaption>Entrada al compartimento principal de nuestra c\u00e1mara hiperb\u00e1rica.<\/figcaption><\/figure>\n\n\n\n<p><\/p>\n","protected":false},"excerpt":{"rendered":"<p>Estas son algunas de las indicaciones m\u00e9dicas aceptadas universalmente para el tratamiento con oxigenoterapia hiperb\u00e1rica: Quemaduras. Pie diab\u00e9tico. Embolia a\u00e9rea o gaseosa. Abscesos intracraneales. Osteomielitis refractaria. Enfermedad por descompresi\u00f3n. Injertos &hellip;<\/p>\n","protected":false},"author":4,"featured_media":0,"parent":0,"menu_order":0,"comment_status":"closed","ping_status":"closed","template":"","meta":{"_monsterinsights_skip_tracking":false,"_monsterinsights_sitenote_active":false,"_monsterinsights_sitenote_note":"","_monsterinsights_sitenote_category":0,"footnotes":""},"class_list":["post-17","page","type-page","status-publish","hentry"],"aioseo_notices":[],"_links":{"self":[{"href":"https:\/\/hypermedcancun.com\/index.php\/wp-json\/wp\/v2\/pages\/17","targetHints":{"allow":["GET"]}}],"collection":[{"href":"https:\/\/hypermedcancun.com\/index.php\/wp-json\/wp\/v2\/pages"}],"about":[{"href":"https:\/\/hypermedcancun.com\/index.php\/wp-json\/wp\/v2\/types\/page"}],"author":[{"embeddable":true,"href":"https:\/\/hypermedcancun.com\/index.php\/wp-json\/wp\/v2\/users\/4"}],"replies":[{"embeddable":true,"href":"https:\/\/hypermedcancun.com\/index.php\/wp-json\/wp\/v2\/comments?post=17"}],"version-history":[{"count":3,"href":"https:\/\/hypermedcancun.com\/index.php\/wp-json\/wp\/v2\/pages\/17\/revisions"}],"predecessor-version":[{"id":140,"href":"https:\/\/hypermedcancun.com\/index.php\/wp-json\/wp\/v2\/pages\/17\/revisions\/140"}],"wp:attachment":[{"href":"https:\/\/hypermedcancun.com\/index.php\/wp-json\/wp\/v2\/media?parent=17"}],"curies":[{"name":"wp","href":"https:\/\/api.w.org\/{rel}","templated":true}]}}