{"id":10,"date":"2021-06-01T01:52:41","date_gmt":"2021-06-01T01:52:41","guid":{"rendered":"https:\/\/hypermedcancun.com\/?page_id=10"},"modified":"2021-07-07T10:15:20","modified_gmt":"2021-07-07T15:15:20","slug":"para-que-sirve","status":"publish","type":"page","link":"https:\/\/hypermedcancun.com\/index.php\/para-que-sirve\/","title":{"rendered":"\u00bfPara que sirve?"},"content":{"rendered":"\n<p>La oxigenaci\u00f3n hiperb\u00e1rica es un tratamiento que tiene diversos beneficios en varios padecimientos y otros a nivel preventivo ya que en estas condiciones el ox\u00edgeno que se respira es terap\u00e9utico, por lo que se inician procesos de estabilizaci\u00f3n y recuperaci\u00f3n, se estimulan las c\u00e9lulas de defensa y aceleran la regeneraci\u00f3n celular.&nbsp;<\/p>\n\n\n\n<p>Algunas personas suponen que la c\u00e1mara hiperb\u00e1rica es medicina alternativa, pero no es as\u00ed. La\u00a0medicina hiperb\u00e1rica\u00a0pertenece al \u00e1rea conocida como\u00a0medicina de ambientes especiales, por aplicar terapias con presiones superiores a la atmosf\u00e9rica, junto a la\u00a0medicina aeron\u00e1utica y c\u00f3smica\u00a0que estudian los efectos del descenso de la presi\u00f3n atmosf\u00e9rica y la ingravidez respectivamente.\u00a0<\/p>\n\n\n\n<p>Sabemos que el ox\u00edgeno es transportado por todo nuestro organismo a trav\u00e9s de la sangre. Al utilizar una c\u00e1mara hiperb\u00e1rica, logramos que el ox\u00edgeno aparte de ser transportado por la sangre, lo sea tambi\u00e9n a trav\u00e9s del plasma. Es decir que el ox\u00edgeno podr\u00e1 llegar a todas y cada una de las c\u00e9lulas de nuestro cuerpo, independientemente de la calidad y cantidad que el flujo sangu\u00edneo permita.<\/p>\n\n\n\n<p>De ah\u00ed que podemos decir que todas aquellas enfermedades que cursan con disminucion de oxigeno en el organismo\u00a0mejoraran o ser\u00e1n eliminadas por el aumento del ox\u00edgeno y\/o eliminaci\u00f3n de la hipoxia con lo que se ver\u00e1n beneficiados \u00f3rganos y sistemas.<\/p>\n\n\n\n<p>El ox\u00edgeno es considerado el generador de energ\u00eda del cuerpo humano, porque es indispensable para que las c\u00e9lulas de nuestro organismo trabajen adecuadamente. El uso de la c\u00e1mara hiperb\u00e1rica beneficia al organismo mediante el incremento de ox\u00edgeno en cada una de las c\u00e9lulas, logrando que el metabolismo se acelere y estabilice, dando como resultado una gran cantidad de beneficios.\u00a0<\/p>\n\n\n\n<p>En la c\u00e1mara hiperb\u00e1rica, la combinaci\u00f3n del incremento de presi\u00f3n y la administraci\u00f3n de ox\u00edgeno grado medicinal, permite lograr beneficios de eliminaci\u00f3n o disminuci\u00f3n de algunas patolog\u00edas.&nbsp;<\/p>\n\n\n\n<h2 class=\"wp-block-heading\">Beneficios<\/h2>\n\n\n\n<p>Algunos&nbsp;beneficios&nbsp;de la&nbsp;c\u00e1mara&nbsp;hiperb\u00e1rica:&nbsp;<\/p>\n\n\n\n<div class=\"wp-block-columns is-layout-flex wp-container-core-columns-is-layout-9d6595d7 wp-block-columns-is-layout-flex\">\n<div class=\"wp-block-column is-layout-flow wp-block-column-is-layout-flow\">\n<ul class=\"wp-block-list\"><li>Revierte la Hipoxia (falta de ox\u00edgeno en tejidos).<\/li><li>Estimula la formaci\u00f3n de nuevos vasos sangu\u00edneos.<\/li><li>Estimula la producci\u00f3n de col\u00e1geno.<\/li><li>Ayuda a disminuir los niveles de glucosa en sangre.<\/li><li>Incrementa la sensibilidad tumoral a radio y quimioterapia.<\/li><li>Regula la destrucci\u00f3n y formaci\u00f3n de hueso nuevo.<\/li><li>Mejora la circulaci\u00f3n sangu\u00ednea.<\/li><li>Disminuye el edema (retenci\u00f3n de l\u00edquidos).<\/li><li>Estimula la proliferaci\u00f3n celular.<\/li><li>Tiene efecto analg\u00e9sico y post-antibi\u00f3tico prolongado.<\/li><li>Acelera los procesos de cicatrizaci\u00f3n.<\/li><li>Combate la gangrena, ya que activa la defensa antimicrobiana, mic\u00f3tica y viral.<\/li><\/ul>\n\n\n\n<p><\/p>\n<\/div>\n\n\n\n<div class=\"wp-block-column is-layout-flow wp-block-column-is-layout-flow\">\n<figure class=\"wp-block-image size-large\"><img loading=\"lazy\" decoding=\"async\" width=\"640\" height=\"480\" src=\"https:\/\/hypermedcancun.com\/wp-content\/uploads\/2021\/06\/HyperMed__210603_-edited.jpg\" alt=\"Camara Hiperbarica\" class=\"wp-image-82\" srcset=\"https:\/\/hypermedcancun.com\/wp-content\/uploads\/2021\/06\/HyperMed__210603_-edited.jpg 640w, https:\/\/hypermedcancun.com\/wp-content\/uploads\/2021\/06\/HyperMed__210603_-edited-300x225.jpg 300w, https:\/\/hypermedcancun.com\/wp-content\/uploads\/2021\/06\/HyperMed__210603_-edited-267x200.jpg 267w\" sizes=\"auto, (max-width: 640px) 100vw, 640px\" \/><\/figure>\n<\/div>\n<\/div>\n\n\n\n<p>Beneficios&nbsp;de la&nbsp;c\u00e1mara&nbsp;hiperb\u00e1rica&nbsp;cuando&nbsp;hay una&nbsp;herida:<\/p>\n\n\n\n<ul class=\"wp-block-list\"><li>Acelera&nbsp;el&nbsp;proceso&nbsp;de&nbsp;cicatrizaci\u00f3n.<\/li><li>Restaura los&nbsp;tejidos.<\/li><li>Aumenta&nbsp;la&nbsp;regeneraci\u00f3n&nbsp;celular.<\/li><li>Elimina&nbsp;hinchaz\u00f3n&nbsp;(edema) por la&nbsp;vasoconstricci\u00f3n&nbsp;no&nbsp;hip\u00f3xica&nbsp;que produce, lo que&nbsp;hace&nbsp;disminuir&nbsp;el&nbsp;edema&nbsp;perif\u00e9rico.&nbsp;<\/li><li>Tiene&nbsp;efecto&nbsp;diur\u00e9tico, por lo que&nbsp;ayuda&nbsp;a&nbsp;sacar&nbsp;los&nbsp;l\u00edquidos&nbsp;de la&nbsp;hinchaz\u00f3n (edema)&nbsp;del&nbsp;cuerpo.<\/li><li>Mejora&nbsp;la&nbsp;circulaci\u00f3n&nbsp;sangu\u00ednea.<\/li><li>Potencializa la acci\u00f3n de algunos medicamentos como: diur\u00e9ticos, antiarr\u00edtmicos, citost\u00e1ticos, hormonas, antibi\u00f3ticos y antibacterianos.<\/li><li>Tiene&nbsp;efecto&nbsp;postantibi\u00f3tico&nbsp;prolongado.<\/li><li>Combate la&nbsp;gangrena&nbsp;ya&nbsp;que&nbsp;activa&nbsp;la&nbsp;defensa&nbsp;antimicrobiana,&nbsp;mic\u00f3tica&nbsp;y viral.<\/li><li>Potencializa&nbsp;la&nbsp;acci\u00f3n&nbsp;hipoglucemiante&nbsp;de la&nbsp;insulina.<\/li><li>Act\u00faa&nbsp;como&nbsp;un&nbsp;antiinflamatorio.<\/li><\/ul>\n\n\n\n<p>Los beneficios por el uso de la c\u00e1mara hiperb\u00e1rica no son exclusivos para el padecimiento a tratar, de hecho, todo el organismo recibir\u00e1 m\u00faltiples beneficios con la finalidad de mejorar sus condiciones de salud y calidad de vida. Con el uso de la c\u00e1mara hiperb\u00e1rica sentir\u00e1 una mejor\u00eda total en todo su cuerpo, el sistema inmunol\u00f3gico mejorar\u00e1 y eliminar\u00e1 la fatiga por el ritmo de vida tan acelerado que llevamos en la actualidad.\u00a0<\/p>\n\n\n\n<div class=\"wp-block-columns is-layout-flex wp-container-core-columns-is-layout-9d6595d7 wp-block-columns-is-layout-flex\">\n<div class=\"wp-block-column is-layout-flow wp-block-column-is-layout-flow\">\n<blockquote class=\"wp-block-quote is-style-large is-layout-flow wp-block-quote-is-layout-flow\"><p>Se logra una sorprendente recuperaci\u00f3n postquir\u00fargica disminuyendo el tiempo entre<br>un 30% a un 50%, evitando<br>el riesgo de infecciones.<\/p><\/blockquote>\n<\/div>\n\n\n\n<div class=\"wp-block-column is-layout-flow wp-block-column-is-layout-flow\">\n<figure class=\"wp-block-image size-large\"><img loading=\"lazy\" decoding=\"async\" width=\"960\" height=\"480\" src=\"https:\/\/hypermedcancun.com\/wp-content\/uploads\/2021\/06\/T_nariz.jpg\" alt=\"\" class=\"wp-image-78\" srcset=\"https:\/\/hypermedcancun.com\/wp-content\/uploads\/2021\/06\/T_nariz.jpg 960w, https:\/\/hypermedcancun.com\/wp-content\/uploads\/2021\/06\/T_nariz-300x150.jpg 300w, https:\/\/hypermedcancun.com\/wp-content\/uploads\/2021\/06\/T_nariz-768x384.jpg 768w, https:\/\/hypermedcancun.com\/wp-content\/uploads\/2021\/06\/T_nariz-400x200.jpg 400w\" sizes=\"auto, (max-width: 960px) 100vw, 960px\" \/><\/figure>\n<\/div>\n<\/div>\n\n\n\n<p>Tantos son los beneficios por el uso de la c\u00e1mara hiperb\u00e1rica que d\u00eda tras d\u00eda se realizan avances y estudios para que pueda ser utilizada en m\u00e1s padecimientos. Algunos deportistas lo utilizan previo a sus competencias para incrementar el rendimiento f\u00edsico, prevenir lesiones y si estas ocurrieran, la recuperaci\u00f3n ser\u00eda mucho m\u00e1s r\u00e1pida. Incluso clubes deportivos, equipos de atletismo, gimnasia, etc., tienen considerada a la c\u00e1mara hiperb\u00e1rica dentro de su equipo de trabajo.\u00a0<\/p>\n\n\n\n<p>La&nbsp;c\u00e1mara&nbsp;hiperb\u00e1rica&nbsp;te&nbsp;beneficiar\u00e1&nbsp;en&nbsp;caso&nbsp;de:&nbsp;<\/p>\n\n\n\n<ul class=\"wp-block-list\"><li>Fracturas u Osteoporosis &#8211; Regenera los huesos (osteogen\u00e9sis), por lo que previene y detiene la osteoporosis. En caso de fracturas permite su pronta solidificaci\u00f3n.<\/li><li>Estr\u00e9s, Migra\u00f1a, Fatiga C. &#8211; Equilibra el sistema nervioso. Disminuye la producci\u00f3n de catecolaminas (efecto antiestr\u00e9s).<\/li><li>Practicar alg\u00fan DEPORTE &#8211; Aumentaras tu rendimiento. Mejorar\u00e1 tu tiempo de recuperaci\u00f3n. Trataras esguinces y luxaciones.<\/li><\/ul>\n\n\n\n<p>El uso de la oxigenaci\u00f3n hiperb\u00e1rica no debe reducirse \u00fanicamente al tratamiento de ciertas enfermedades, sino que tambi\u00e9n puede ser utilizado como medicina preventiva. Incluso econ\u00f3micamente esta demostrado que es mejor invertir en un tratamiento preventivo que lo que tenemos que gastar en la cura de una enfermedad cuando \u00e9sta ya est\u00e1 presente.<\/p>\n\n\n\n<p>Beneficios&nbsp;de la&nbsp;c\u00e1mara&nbsp;hiperb\u00e1rica&nbsp;a&nbsp;nivel&nbsp;preventivo&nbsp;<\/p>\n\n\n\n<ul class=\"wp-block-list\"><li>Retarda&nbsp;el&nbsp;envejecimiento&nbsp;porque&nbsp;aumenta&nbsp;la&nbsp;defensa&nbsp;antioxidante.&nbsp;<\/li><li>Regula la&nbsp;funci\u00f3n&nbsp;gastrointestinal.&nbsp;<\/li><li>Incrementa&nbsp;la&nbsp;producci\u00f3n&nbsp;de&nbsp;col\u00e1geno&nbsp;(sustancia&nbsp;que da&nbsp;firmeza&nbsp;a la&nbsp;piel)&nbsp;<\/li><li>Inhibe&nbsp;el&nbsp;desarrollo&nbsp;de&nbsp;artritis&nbsp;reumatoide.&nbsp;<\/li><li>Fortalece&nbsp;el&nbsp;sistema&nbsp;inmunol\u00f3gico&nbsp;<\/li><li>Disminuye&nbsp;los gases&nbsp;<\/li><li>Protege la mucosa&nbsp;g\u00e1strica&nbsp;<\/li><li>Aumenta&nbsp;los&nbsp;niveles&nbsp;de los&nbsp;antioxidantes&nbsp;naturales que&nbsp;nos&nbsp;protegen&nbsp;de los&nbsp;radicales&nbsp;libres&nbsp;<\/li><li>Es&nbsp;normalizador&nbsp;y&nbsp;regulador&nbsp;de&nbsp;todas&nbsp;las&nbsp;funciones&nbsp;biol\u00f3gicas&nbsp;<\/li><li>Regula&nbsp;el&nbsp;metabolismo&nbsp;y&nbsp;presi\u00f3n&nbsp;arterial&nbsp;<\/li><li>Previene&nbsp;enfermedades&nbsp;degenerativas.&nbsp;<\/li><\/ul>\n\n\n\n<h2 class=\"wp-block-heading\">Contraindicaciones y\/o efectos adversos.<\/h2>\n\n\n\n<ul class=\"wp-block-list\"><li>BAROTRAUMA . \u00f3 dolor en los o\u00eddos o los senos paranasales. Puedo experimentar dolor en los o\u00eddos o los senos paranasales principalmente durante la compresi\u00f3n. Tambi\u00e9n entiendo que si yo no soy capaz de igualar la presi\u00f3n en mis o\u00eddos o en los senos paranasales,&nbsp;&nbsp;que la presurizaci\u00f3n ser\u00e1 retardada o detenida, e incluso cancelar el tratamiento, pudiendo buscar una soluci\u00f3n alternativa para ser aplicada.&nbsp;<\/li><li>EMBOLIA GASEOSA CEREBRAL Y NEUMOT\u00d3RAX. Siempre que hay un cambio r\u00e1pido de la presi\u00f3n ambiental, existe la posibilidad de ruptura de los pulmones con el escape de aire a&nbsp;&nbsp;las arterias o venas,&nbsp;&nbsp;o a la cavidad tor\u00e1cica fuera de los pulmones. Esto s\u00f3lo puede ocurrir si el paso normal de aire de los pulmones se bloquea durante la descompresi\u00f3n por cualquier mecanismo fisiol\u00f3gico o mec\u00e1nico. Por lo anterior, durante este proceso s\u00f3lo se utilizan descompresiones lentas durante el tratamiento con ox\u00edgeno hiperb\u00e1rico para evitar al m\u00e1ximo esta posibilidad y sus graves complicaciones<\/li><li>TOXICIDAD POR OXIGENO. El riesgo de toxicidad del ox\u00edgeno se me ha explicado y se reducir\u00e1 al m\u00ednimo, porque nunca se me expondr\u00e1 a una presi\u00f3n mayor de las permitidas que se conoce y por tiempos prolongados, que son seguras para el cuerpo y sus \u00f3rganos.&nbsp;<\/li><li>RIESGO DE INCENDIO. Con el uso de ox\u00edgeno en cualquier forma, siempre hay un riesgo latente de fuego, pero las condiciones de precauci\u00f3n&nbsp;&nbsp;est\u00e1n dadas y cumplidas al m\u00e1ximo durante el tratamiento, reduciendo&nbsp;&nbsp;este riesgo.&nbsp;<\/li><li>RIESGO DE EMPEORAMIENTO DE LA MIOP\u00cdA. (Miop\u00eda) Despu\u00e9s de veinte o m\u00e1s tratamientos, sobre todo si tengo m\u00e1s de cuarenta a\u00f1os, es posible que yo pueda exprimentar disminuci\u00f3n en mi capacidad de ver las cosas muy lejos. Entiendo que esto es generalmente temporal y que en la mayor\u00eda de los pacientes,&nbsp;&nbsp;la visi\u00f3n regresa&nbsp;&nbsp;a su nivel antes del tratamiento despu\u00e9s de seis semanas de la interrupci\u00f3n del tratamiento. Entiendo que no es aconsejable obtener una nueva receta para mis lentes hasta por lo menos ocho semanas despu\u00e9s de la terapia hiperb\u00e1rica.&nbsp;<\/li><li>MADURACION DE CATARATAS. En las personas con cataratas, en algunas de estas se ha demostrado que en ocasiones se han madurando o la maduraci\u00f3n de estas se puede acelerar.&nbsp;<\/li><li>MEJORAMIENTO TEMPORAL DE LA VISION (presbicia). Despu\u00e9s de veinte o m\u00e1s tratamientos, sobre todo si tengo m\u00e1s de cuarenta a\u00f1os, existe la posibilidad de que pueda experimentar una mejor\u00eda en mi capacidad de ver las cosas de cerca, o leer sin lentes. Entiendo que esta suele ser temporal y que en la mayor\u00eda de los pacientes, se devuelve la visi\u00f3n a su nivel antes del tratamiento de seis a ocho semanas despu\u00e9s de la interrupci\u00f3n del tratamiento. Entiendo que no es aconsejable obtener una nueva receta para mis lentes hasta por lo menos ocho semanas despu\u00e9s de la terapia hiperb\u00e1rica.<\/li><li>ENTUMECIMIENTO DE DEDOS. Un peque\u00f1o porcentaje de los pacientes experimenta&nbsp;&nbsp;a veces una sensaci\u00f3n de entumecimiento en los dedos&nbsp;&nbsp;cuarto y quinto de las manos despu\u00e9s de veinte o m\u00e1s tratamientos. Esto no debe ser motivo de preocupaci\u00f3n y debe desaparecer en aproximadamente seis semanas despu\u00e9s del cese de la terapia.&nbsp;<\/li><li>OTITIS SEROSA. Los fluidos en los o\u00eddos a veces se acumulan como resultado de respirar altas concentraciones de ox\u00edgeno. De vez en cuando puede sentir como si tuviera una almohada &#8220;sobre la oreja&#8221;. En estos casos desaparece despu\u00e9s del tratamiento hiperb\u00e1rico y se puede aliviar con descongestionantes.&nbsp;<\/li><li>FATIGA Algunas personas pueden sentir subjetivamente la fatiga despu\u00e9s del tratamiento hiperb\u00e1rico, pero esto no es un hallazgo constante.&nbsp;<\/li><\/ul>\n","protected":false},"excerpt":{"rendered":"<p>La oxigenaci\u00f3n hiperb\u00e1rica es un tratamiento que tiene diversos beneficios en varios padecimientos y otros a nivel preventivo ya que en estas condiciones el ox\u00edgeno que se respira es terap\u00e9utico, &hellip;<\/p>\n","protected":false},"author":4,"featured_media":0,"parent":0,"menu_order":0,"comment_status":"closed","ping_status":"closed","template":"","meta":{"_monsterinsights_skip_tracking":false,"_monsterinsights_sitenote_active":false,"_monsterinsights_sitenote_note":"","_monsterinsights_sitenote_category":0,"footnotes":""},"class_list":["post-10","page","type-page","status-publish","hentry"],"aioseo_notices":[],"_links":{"self":[{"href":"https:\/\/hypermedcancun.com\/index.php\/wp-json\/wp\/v2\/pages\/10","targetHints":{"allow":["GET"]}}],"collection":[{"href":"https:\/\/hypermedcancun.com\/index.php\/wp-json\/wp\/v2\/pages"}],"about":[{"href":"https:\/\/hypermedcancun.com\/index.php\/wp-json\/wp\/v2\/types\/page"}],"author":[{"embeddable":true,"href":"https:\/\/hypermedcancun.com\/index.php\/wp-json\/wp\/v2\/users\/4"}],"replies":[{"embeddable":true,"href":"https:\/\/hypermedcancun.com\/index.php\/wp-json\/wp\/v2\/comments?post=10"}],"version-history":[{"count":36,"href":"https:\/\/hypermedcancun.com\/index.php\/wp-json\/wp\/v2\/pages\/10\/revisions"}],"predecessor-version":[{"id":193,"href":"https:\/\/hypermedcancun.com\/index.php\/wp-json\/wp\/v2\/pages\/10\/revisions\/193"}],"wp:attachment":[{"href":"https:\/\/hypermedcancun.com\/index.php\/wp-json\/wp\/v2\/media?parent=10"}],"curies":[{"name":"wp","href":"https:\/\/api.w.org\/{rel}","templated":true}]}}